{"id":50950,"date":"2015-07-12T10:22:31","date_gmt":"2015-07-12T10:22:31","guid":{"rendered":"http:\/\/www.kristikuurme.ee\/?page_id=50950&#038;lang=fi"},"modified":"2018-01-16T09:48:33","modified_gmt":"2018-01-16T09:48:33","slug":"kristi","status":"publish","type":"page","link":"https:\/\/www.kristikuurme.ee\/fi\/kristi\/","title":{"rendered":"Kristi"},"content":{"rendered":"<section class=\"wpb-content-wrapper\"><p>[vc_row row_type=&#8221;row&#8221; use_row_as_full_screen_section=&#8221;no&#8221; type=&#8221;full_width&#8221; oblique_section=&#8221;no&#8221; text_align=&#8221;left&#8221; triangle_shape=&#8221;no&#8221; css_animation=&#8221;&#8221; box_shadow_on_row=&#8221;no&#8221;][vc_column width=&#8221;1\/3&#8243;][vc_single_image image=&#8221;50667&#8243; img_size=&#8221;large&#8221; alignment=&#8221;right&#8221; edgt_css_animation=&#8221;&#8221;][\/vc_column][vc_column width=&#8221;1\/3&#8243;][vc_column_text]<\/p>\n<p class=\"p1\" style=\"text-align: center;\"><strong>H\u00e4nen opettajansa oli tunnettu Eestin keramiikko Eddi Leet. Kristi oppi h\u00e4nelt\u00e4 dreijaamista ja lasitteiden valmistamista. Kolmen opintovuoden j\u00e4lkeen h\u00e4n muutti Hiidenmaalle. Rakkaus dreijaamiseen ja kauniisiin astioihin johti oman ty\u00f6pajan perustamiseen 2015. v. kev\u00e4\u00e4ll\u00e4.<\/strong><\/p>\n<p class=\"p1\" style=\"text-align: center;\"><strong>Kaikkien astioiden valmistus on alusta asti k\u00e4sity\u00f6t\u00e4. Tuotteet poltetaan kaksi kertaa, jotta ne olisivat kest\u00e4vi\u00e4 ja laadukkaita. Polttamiseen k\u00e4ytet\u00e4\u00e4n s\u00e4hk\u00f6uunia ja muutamat kerrat vuodessa my\u00f6s puupolttouunia. <\/strong><\/p>\n<p class=\"p1\" style=\"text-align: center;\"><strong>Kaikki tuotteet kest\u00e4v\u00e4t kuumaa ja on tiskattavia tiskikoneessa.<br \/>\nTeen my\u00f6s esineita Sinulle t\u00e4rke\u00e4ll\u00e4 tekstill\u00e4, logolla tai merkill\u00e4.<\/strong><\/p>\n<p>[\/vc_column_text][\/vc_column][vc_column width=&#8221;1\/3&#8243;][vc_single_image image=&#8221;50645&#8243; img_size=&#8221;large&#8221; edgt_css_animation=&#8221;&#8221;][\/vc_column][\/vc_row]<\/p>\n<\/section>","protected":false},"excerpt":{"rendered":"<p>[vc_row row_type=&#8221;row&#8221; use_row_as_full_screen_section=&#8221;no&#8221; type=&#8221;full_width&#8221; oblique_section=&#8221;no&#8221; text_align=&#8221;left&#8221; triangle_shape=&#8221;no&#8221; css_animation=&#8221;&#8221; box_shadow_on_row=&#8221;no&#8221;][vc_column width=&#8221;1\/3&#8243;][vc_single_image image=&#8221;50667&#8243; img_size=&#8221;large&#8221; alignment=&#8221;right&#8221; edgt_css_animation=&#8221;&#8221;][\/vc_column][vc_column width=&#8221;1\/3&#8243;][vc_column_text] H\u00e4nen opettajansa oli tunnettu Eestin keramiikko Eddi Leet. Kristi oppi h\u00e4nelt\u00e4 dreijaamista ja lasitteiden valmistamista. Kolmen opintovuoden j\u00e4lkeen h\u00e4n muutti Hiidenmaalle. Rakkaus dreijaamiseen ja kauniisiin astioihin johti oman ty\u00f6pajan perustamiseen&#8230;<\/p>\n","protected":false},"author":1,"featured_media":0,"parent":0,"menu_order":0,"comment_status":"closed","ping_status":"closed","template":"full_width.php","meta":{"footnotes":""},"class_list":["post-50950","page","type-page","status-publish","hentry"],"_links":{"self":[{"href":"https:\/\/www.kristikuurme.ee\/fi\/wp-json\/wp\/v2\/pages\/50950"}],"collection":[{"href":"https:\/\/www.kristikuurme.ee\/fi\/wp-json\/wp\/v2\/pages"}],"about":[{"href":"https:\/\/www.kristikuurme.ee\/fi\/wp-json\/wp\/v2\/types\/page"}],"author":[{"embeddable":true,"href":"https:\/\/www.kristikuurme.ee\/fi\/wp-json\/wp\/v2\/users\/1"}],"replies":[{"embeddable":true,"href":"https:\/\/www.kristikuurme.ee\/fi\/wp-json\/wp\/v2\/comments?post=50950"}],"version-history":[{"count":4,"href":"https:\/\/www.kristikuurme.ee\/fi\/wp-json\/wp\/v2\/pages\/50950\/revisions"}],"predecessor-version":[{"id":51269,"href":"https:\/\/www.kristikuurme.ee\/fi\/wp-json\/wp\/v2\/pages\/50950\/revisions\/51269"}],"wp:attachment":[{"href":"https:\/\/www.kristikuurme.ee\/fi\/wp-json\/wp\/v2\/media?parent=50950"}],"curies":[{"name":"wp","href":"https:\/\/api.w.org\/{rel}","templated":true}]}}